{"id":9708,"date":"2022-06-13T23:03:41","date_gmt":"2022-06-13T21:03:41","guid":{"rendered":"http:\/\/shop.ipb-baier.com.hc213578-2.profi-server.net\/produkt\/upper-knife-head-od-250-mm-40-knives-right-conic\/"},"modified":"2026-03-26T11:21:43","modified_gmt":"2026-03-26T10:21:43","slug":"obermesser-ad-250-mm-40-klingen-rechts-konisch","status":"publish","type":"product","link":"https:\/\/shop.ipb-baier.com\/en\/produkt\/obermesser-ad-250-mm-40-klingen-rechts-konisch\/","title":{"rendered":"Obermesser AD 250 mm, 40 Klingen, rechts, konisch"},"content":{"rendered":"<p>Obermesser AD 250 mm, 40 Klingen, rechts, konisch<\/p>\n","protected":false},"excerpt":{"rendered":"<p>Obermesser AD 250 mm, 40 Klingen, rechts, konisch  40 250 H 0417<\/p>\n","protected":false},"featured_media":12964,"comment_status":"open","ping_status":"closed","template":"","meta":{"_acf_changed":false},"product_brand":[],"product_cat":[374,372],"product_tag":[],"class_list":{"0":"post-9708","1":"product","2":"type-product","3":"status-publish","4":"has-post-thumbnail","6":"product_cat-gaemmerler","7":"product_cat-rotary-cutter","9":"first","10":"instock","11":"shipping-taxable","12":"product-type-bundle"},"bundled_by":[],"bundle_stock_status":"instock","bundle_stock_quantity":4,"bundle_virtual":false,"bundle_layout":"default","bundle_add_to_cart_form_location":"default","bundle_editable_in_cart":false,"bundle_sold_individually_context":"product","bundle_item_grouping":"noindent","bundle_min_size":"","bundle_max_size":"","bundled_items":[{"bundled_item_id":14,"product_id":10334,"menu_order":0,"quantity_min":1,"quantity_max":1,"quantity_default":1,"priced_individually":true,"shipped_individually":false,"override_title":false,"title":"Verpackung f\u00fcr Rotaschneider und Fr\u00e4ser","override_description":false,"description":"Verpackung f\u00fcr Rotaschneider und Fr\u00e4ser","optional":false,"hide_thumbnail":false,"discount":"","override_variations":false,"allowed_variations":[""],"override_default_variation_attributes":false,"default_variation_attributes":[],"single_product_visibility":"visible","cart_visibility":"visible","order_visibility":"visible","single_product_price_visibility":"visible","cart_price_visibility":"visible","order_price_visibility":"visible","stock_status":"in_stock"}],"bundle_sell_ids":[],"acf":{"H_Artikelnummer":"40 250 H 0417"},"yoast_head":"<!-- This site is optimized with the Yoast SEO plugin v27.3 - https:\/\/yoast.com\/product\/yoast-seo-wordpress\/ -->\n<title>Obermesser AD 250 mm, 40 Klingen, rechts, konisch - Shop IPB Baier<\/title>\n<meta name=\"robots\" content=\"index, follow, max-snippet:-1, max-image-preview:large, max-video-preview:-1\" \/>\n<link rel=\"canonical\" href=\"https:\/\/shop.ipb-baier.com\/en\/produkt\/obermesser-ad-250-mm-40-klingen-rechts-konisch\/\" \/>\n<meta property=\"og:locale\" content=\"en_US\" \/>\n<meta property=\"og:type\" content=\"article\" \/>\n<meta property=\"og:title\" content=\"Obermesser AD 250 mm, 40 Klingen, rechts, konisch - Shop IPB Baier\" \/>\n<meta property=\"og:description\" content=\"Obermesser AD 250 mm, 40 Klingen, rechts, konisch 40 250 H 0417\" \/>\n<meta property=\"og:url\" content=\"https:\/\/shop.ipb-baier.com\/en\/produkt\/obermesser-ad-250-mm-40-klingen-rechts-konisch\/\" \/>\n<meta property=\"og:site_name\" content=\"Shop IPB Baier\" \/>\n<meta property=\"article:modified_time\" content=\"2026-03-26T10:21:43+00:00\" \/>\n<meta property=\"og:image\" content=\"https:\/\/shop.ipb-baier.com\/wp-content\/uploads\/sites\/2\/2022\/06\/560-107.jpg\" \/>\n\t<meta property=\"og:image:width\" content=\"1200\" \/>\n\t<meta property=\"og:image:height\" content=\"649\" \/>\n\t<meta property=\"og:image:type\" content=\"image\/jpeg\" \/>\n<meta name=\"twitter:card\" content=\"summary_large_image\" \/>\n<script type=\"application\/ld+json\" class=\"yoast-schema-graph\">{\"@context\":\"https:\\\/\\\/schema.org\",\"@graph\":[{\"@type\":\"WebPage\",\"@id\":\"https:\\\/\\\/shop.ipb-baier.com\\\/en\\\/produkt\\\/obermesser-ad-250-mm-40-klingen-rechts-konisch\\\/\",\"url\":\"https:\\\/\\\/shop.ipb-baier.com\\\/en\\\/produkt\\\/obermesser-ad-250-mm-40-klingen-rechts-konisch\\\/\",\"name\":\"Obermesser AD 250 mm, 40 Klingen, rechts, konisch - Shop IPB Baier\",\"isPartOf\":{\"@id\":\"https:\\\/\\\/shop.ipb-baier.com\\\/en\\\/#website\"},\"primaryImageOfPage\":{\"@id\":\"https:\\\/\\\/shop.ipb-baier.com\\\/en\\\/produkt\\\/obermesser-ad-250-mm-40-klingen-rechts-konisch\\\/#primaryimage\"},\"image\":{\"@id\":\"https:\\\/\\\/shop.ipb-baier.com\\\/en\\\/produkt\\\/obermesser-ad-250-mm-40-klingen-rechts-konisch\\\/#primaryimage\"},\"thumbnailUrl\":\"https:\\\/\\\/shop.ipb-baier.com\\\/wp-content\\\/uploads\\\/sites\\\/2\\\/2022\\\/06\\\/560-107.jpg\",\"datePublished\":\"2022-06-13T21:03:41+00:00\",\"dateModified\":\"2026-03-26T10:21:43+00:00\",\"breadcrumb\":{\"@id\":\"https:\\\/\\\/shop.ipb-baier.com\\\/en\\\/produkt\\\/obermesser-ad-250-mm-40-klingen-rechts-konisch\\\/#breadcrumb\"},\"inLanguage\":\"en-US\",\"potentialAction\":[{\"@type\":\"ReadAction\",\"target\":[\"https:\\\/\\\/shop.ipb-baier.com\\\/en\\\/produkt\\\/obermesser-ad-250-mm-40-klingen-rechts-konisch\\\/\"]}]},{\"@type\":\"ImageObject\",\"inLanguage\":\"en-US\",\"@id\":\"https:\\\/\\\/shop.ipb-baier.com\\\/en\\\/produkt\\\/obermesser-ad-250-mm-40-klingen-rechts-konisch\\\/#primaryimage\",\"url\":\"https:\\\/\\\/shop.ipb-baier.com\\\/wp-content\\\/uploads\\\/sites\\\/2\\\/2022\\\/06\\\/560-107.jpg\",\"contentUrl\":\"https:\\\/\\\/shop.ipb-baier.com\\\/wp-content\\\/uploads\\\/sites\\\/2\\\/2022\\\/06\\\/560-107.jpg\",\"width\":1200,\"height\":649,\"caption\":\"Bild 560-107\"},{\"@type\":\"BreadcrumbList\",\"@id\":\"https:\\\/\\\/shop.ipb-baier.com\\\/en\\\/produkt\\\/obermesser-ad-250-mm-40-klingen-rechts-konisch\\\/#breadcrumb\",\"itemListElement\":[{\"@type\":\"ListItem\",\"position\":1,\"name\":\"Startseite\",\"item\":\"https:\\\/\\\/shop.ipb-baier.com\\\/en\\\/\"},{\"@type\":\"ListItem\",\"position\":2,\"name\":\"Shop\",\"item\":\"https:\\\/\\\/shop.ipb-baier.com\\\/en\\\/\"},{\"@type\":\"ListItem\",\"position\":3,\"name\":\"Obermesser AD 250 mm, 40 Klingen, rechts, konisch\"}]},{\"@type\":\"WebSite\",\"@id\":\"https:\\\/\\\/shop.ipb-baier.com\\\/en\\\/#website\",\"url\":\"https:\\\/\\\/shop.ipb-baier.com\\\/en\\\/\",\"name\":\"Shop IPB Baier\",\"description\":\"The company Biaer GmbH is an manufacturer of spare parts and wear parts for the printing, paper, recycling and cardboard industries.\",\"publisher\":{\"@id\":\"https:\\\/\\\/shop.ipb-baier.com\\\/en\\\/#organization\"},\"potentialAction\":[{\"@type\":\"SearchAction\",\"target\":{\"@type\":\"EntryPoint\",\"urlTemplate\":\"https:\\\/\\\/shop.ipb-baier.com\\\/en\\\/?s={search_term_string}\"},\"query-input\":{\"@type\":\"PropertyValueSpecification\",\"valueRequired\":true,\"valueName\":\"search_term_string\"}}],\"inLanguage\":\"en-US\"},{\"@type\":\"Organization\",\"@id\":\"https:\\\/\\\/shop.ipb-baier.com\\\/en\\\/#organization\",\"name\":\"Shop IPB Baier\",\"url\":\"https:\\\/\\\/shop.ipb-baier.com\\\/en\\\/\",\"logo\":{\"@type\":\"ImageObject\",\"inLanguage\":\"en-US\",\"@id\":\"https:\\\/\\\/shop.ipb-baier.com\\\/en\\\/#\\\/schema\\\/logo\\\/image\\\/\",\"url\":\"https:\\\/\\\/shop.ipb-baier.com\\\/wp-content\\\/uploads\\\/sites\\\/2\\\/2021\\\/04\\\/ipb_Baier_logo_weiss.png\",\"contentUrl\":\"https:\\\/\\\/shop.ipb-baier.com\\\/wp-content\\\/uploads\\\/sites\\\/2\\\/2021\\\/04\\\/ipb_Baier_logo_weiss.png\",\"width\":765,\"height\":140,\"caption\":\"Shop IPB Baier\"},\"image\":{\"@id\":\"https:\\\/\\\/shop.ipb-baier.com\\\/en\\\/#\\\/schema\\\/logo\\\/image\\\/\"}}]}<\/script>\n<!-- \/ Yoast SEO plugin. -->","yoast_head_json":{"title":"Obermesser AD 250 mm, 40 Klingen, rechts, konisch - Shop IPB Baier","robots":{"index":"index","follow":"follow","max-snippet":"max-snippet:-1","max-image-preview":"max-image-preview:large","max-video-preview":"max-video-preview:-1"},"canonical":"https:\/\/shop.ipb-baier.com\/en\/produkt\/obermesser-ad-250-mm-40-klingen-rechts-konisch\/","og_locale":"en_US","og_type":"article","og_title":"Obermesser AD 250 mm, 40 Klingen, rechts, konisch - Shop IPB Baier","og_description":"Obermesser AD 250 mm, 40 Klingen, rechts, konisch 40 250 H 0417","og_url":"https:\/\/shop.ipb-baier.com\/en\/produkt\/obermesser-ad-250-mm-40-klingen-rechts-konisch\/","og_site_name":"Shop IPB Baier","article_modified_time":"2026-03-26T10:21:43+00:00","og_image":[{"width":1200,"height":649,"url":"https:\/\/shop.ipb-baier.com\/wp-content\/uploads\/sites\/2\/2022\/06\/560-107.jpg","type":"image\/jpeg"}],"twitter_card":"summary_large_image","schema":{"@context":"https:\/\/schema.org","@graph":[{"@type":"WebPage","@id":"https:\/\/shop.ipb-baier.com\/en\/produkt\/obermesser-ad-250-mm-40-klingen-rechts-konisch\/","url":"https:\/\/shop.ipb-baier.com\/en\/produkt\/obermesser-ad-250-mm-40-klingen-rechts-konisch\/","name":"Obermesser AD 250 mm, 40 Klingen, rechts, konisch - Shop IPB Baier","isPartOf":{"@id":"https:\/\/shop.ipb-baier.com\/en\/#website"},"primaryImageOfPage":{"@id":"https:\/\/shop.ipb-baier.com\/en\/produkt\/obermesser-ad-250-mm-40-klingen-rechts-konisch\/#primaryimage"},"image":{"@id":"https:\/\/shop.ipb-baier.com\/en\/produkt\/obermesser-ad-250-mm-40-klingen-rechts-konisch\/#primaryimage"},"thumbnailUrl":"https:\/\/shop.ipb-baier.com\/wp-content\/uploads\/sites\/2\/2022\/06\/560-107.jpg","datePublished":"2022-06-13T21:03:41+00:00","dateModified":"2026-03-26T10:21:43+00:00","breadcrumb":{"@id":"https:\/\/shop.ipb-baier.com\/en\/produkt\/obermesser-ad-250-mm-40-klingen-rechts-konisch\/#breadcrumb"},"inLanguage":"en-US","potentialAction":[{"@type":"ReadAction","target":["https:\/\/shop.ipb-baier.com\/en\/produkt\/obermesser-ad-250-mm-40-klingen-rechts-konisch\/"]}]},{"@type":"ImageObject","inLanguage":"en-US","@id":"https:\/\/shop.ipb-baier.com\/en\/produkt\/obermesser-ad-250-mm-40-klingen-rechts-konisch\/#primaryimage","url":"https:\/\/shop.ipb-baier.com\/wp-content\/uploads\/sites\/2\/2022\/06\/560-107.jpg","contentUrl":"https:\/\/shop.ipb-baier.com\/wp-content\/uploads\/sites\/2\/2022\/06\/560-107.jpg","width":1200,"height":649,"caption":"Bild 560-107"},{"@type":"BreadcrumbList","@id":"https:\/\/shop.ipb-baier.com\/en\/produkt\/obermesser-ad-250-mm-40-klingen-rechts-konisch\/#breadcrumb","itemListElement":[{"@type":"ListItem","position":1,"name":"Startseite","item":"https:\/\/shop.ipb-baier.com\/en\/"},{"@type":"ListItem","position":2,"name":"Shop","item":"https:\/\/shop.ipb-baier.com\/en\/"},{"@type":"ListItem","position":3,"name":"Obermesser AD 250 mm, 40 Klingen, rechts, konisch"}]},{"@type":"WebSite","@id":"https:\/\/shop.ipb-baier.com\/en\/#website","url":"https:\/\/shop.ipb-baier.com\/en\/","name":"Shop IPB Baier","description":"The company Biaer GmbH is an manufacturer of spare parts and wear parts for the printing, paper, recycling and cardboard industries.","publisher":{"@id":"https:\/\/shop.ipb-baier.com\/en\/#organization"},"potentialAction":[{"@type":"SearchAction","target":{"@type":"EntryPoint","urlTemplate":"https:\/\/shop.ipb-baier.com\/en\/?s={search_term_string}"},"query-input":{"@type":"PropertyValueSpecification","valueRequired":true,"valueName":"search_term_string"}}],"inLanguage":"en-US"},{"@type":"Organization","@id":"https:\/\/shop.ipb-baier.com\/en\/#organization","name":"Shop IPB Baier","url":"https:\/\/shop.ipb-baier.com\/en\/","logo":{"@type":"ImageObject","inLanguage":"en-US","@id":"https:\/\/shop.ipb-baier.com\/en\/#\/schema\/logo\/image\/","url":"https:\/\/shop.ipb-baier.com\/wp-content\/uploads\/sites\/2\/2021\/04\/ipb_Baier_logo_weiss.png","contentUrl":"https:\/\/shop.ipb-baier.com\/wp-content\/uploads\/sites\/2\/2021\/04\/ipb_Baier_logo_weiss.png","width":765,"height":140,"caption":"Shop IPB Baier"},"image":{"@id":"https:\/\/shop.ipb-baier.com\/en\/#\/schema\/logo\/image\/"}}]}},"_links":{"self":[{"href":"https:\/\/shop.ipb-baier.com\/en\/wp-json\/wp\/v2\/product\/9708","targetHints":{"allow":["GET"]}}],"collection":[{"href":"https:\/\/shop.ipb-baier.com\/en\/wp-json\/wp\/v2\/product"}],"about":[{"href":"https:\/\/shop.ipb-baier.com\/en\/wp-json\/wp\/v2\/types\/product"}],"replies":[{"embeddable":true,"href":"https:\/\/shop.ipb-baier.com\/en\/wp-json\/wp\/v2\/comments?post=9708"}],"wp:featuredmedia":[{"embeddable":true,"href":"https:\/\/shop.ipb-baier.com\/en\/wp-json\/wp\/v2\/media\/12964"}],"wp:attachment":[{"href":"https:\/\/shop.ipb-baier.com\/en\/wp-json\/wp\/v2\/media?parent=9708"}],"wp:term":[{"taxonomy":"product_brand","embeddable":true,"href":"https:\/\/shop.ipb-baier.com\/en\/wp-json\/wp\/v2\/product_brand?post=9708"},{"taxonomy":"product_cat","embeddable":true,"href":"https:\/\/shop.ipb-baier.com\/en\/wp-json\/wp\/v2\/product_cat?post=9708"},{"taxonomy":"product_tag","embeddable":true,"href":"https:\/\/shop.ipb-baier.com\/en\/wp-json\/wp\/v2\/product_tag?post=9708"}],"curies":[{"name":"wp","href":"https:\/\/api.w.org\/{rel}","templated":true}]}}